{"id":337,"date":"2022-09-06T22:51:38","date_gmt":"2022-09-06T20:51:38","guid":{"rendered":"https:\/\/regenbogenfische-moenkeberg.de\/?page_id=337"},"modified":"2024-02-09T11:03:04","modified_gmt":"2024-02-09T10:03:04","slug":"spenden","status":"publish","type":"page","link":"https:\/\/regenbogenfische-moenkeberg.de\/?page_id=337","title":{"rendered":"Spenden"},"content":{"rendered":"\t\t<div data-elementor-type=\"wp-page\" data-elementor-id=\"337\" class=\"elementor elementor-337\">\n\t\t\t\t\t\t<section class=\"elementor-section elementor-top-section elementor-element elementor-element-6309c10 elementor-section-boxed elementor-section-height-default elementor-section-height-default\" data-id=\"6309c10\" data-element_type=\"section\" data-settings=\"{&quot;shape_divider_top&quot;:&quot;waves&quot;,&quot;shape_divider_bottom&quot;:&quot;waves&quot;}\">\n\t\t\t\t\t<div class=\"elementor-shape elementor-shape-top\" data-negative=\"false\">\n\t\t\t<svg xmlns=\"http:\/\/www.w3.org\/2000\/svg\" viewBox=\"0 0 1000 100\" preserveAspectRatio=\"none\">\n\t<path class=\"elementor-shape-fill\" d=\"M421.9,6.5c22.6-2.5,51.5,0.4,75.5,5.3c23.6,4.9,70.9,23.5,100.5,35.7c75.8,32.2,133.7,44.5,192.6,49.7\n\tc23.6,2.1,48.7,3.5,103.4-2.5c54.7-6,106.2-25.6,106.2-25.6V0H0v30.3c0,0,72,32.6,158.4,30.5c39.2-0.7,92.8-6.7,134-22.4\n\tc21.2-8.1,52.2-18.2,79.7-24.2C399.3,7.9,411.6,7.5,421.9,6.5z\"\/>\n<\/svg>\t\t<\/div>\n\t\t\t\t<div class=\"elementor-shape elementor-shape-bottom\" data-negative=\"false\">\n\t\t\t<svg xmlns=\"http:\/\/www.w3.org\/2000\/svg\" viewBox=\"0 0 1000 100\" preserveAspectRatio=\"none\">\n\t<path class=\"elementor-shape-fill\" d=\"M421.9,6.5c22.6-2.5,51.5,0.4,75.5,5.3c23.6,4.9,70.9,23.5,100.5,35.7c75.8,32.2,133.7,44.5,192.6,49.7\n\tc23.6,2.1,48.7,3.5,103.4-2.5c54.7-6,106.2-25.6,106.2-25.6V0H0v30.3c0,0,72,32.6,158.4,30.5c39.2-0.7,92.8-6.7,134-22.4\n\tc21.2-8.1,52.2-18.2,79.7-24.2C399.3,7.9,411.6,7.5,421.9,6.5z\"\/>\n<\/svg>\t\t<\/div>\n\t\t\t\t\t<div class=\"elementor-container elementor-column-gap-default\">\n\t\t\t\t\t<div class=\"elementor-column elementor-col-100 elementor-top-column elementor-element elementor-element-b836640\" data-id=\"b836640\" data-element_type=\"column\">\n\t\t\t<div class=\"elementor-widget-wrap elementor-element-populated\">\n\t\t\t\t\t\t<div class=\"elementor-element elementor-element-e11a3a1 elementor-widget elementor-widget-heading\" data-id=\"e11a3a1\" data-element_type=\"widget\" data-widget_type=\"heading.default\">\n\t\t\t\t<div class=\"elementor-widget-container\">\n\t\t\t<h2 class=\"elementor-heading-title elementor-size-default\">Spenden<\/h2>\t\t<\/div>\n\t\t\t\t<\/div>\n\t\t\t\t\t<\/div>\n\t\t<\/div>\n\t\t\t\t\t<\/div>\n\t\t<\/section>\n\t\t\t\t<section class=\"elementor-section elementor-top-section elementor-element elementor-element-9488993 elementor-section-boxed elementor-section-height-default elementor-section-height-default\" data-id=\"9488993\" data-element_type=\"section\">\n\t\t\t\t\t\t<div class=\"elementor-container elementor-column-gap-default\">\n\t\t\t\t\t<div class=\"elementor-column elementor-col-100 elementor-top-column elementor-element elementor-element-487c81e\" data-id=\"487c81e\" data-element_type=\"column\">\n\t\t\t<div class=\"elementor-widget-wrap elementor-element-populated\">\n\t\t\t\t\t\t<div class=\"elementor-element elementor-element-a6aa9c6 elementor-widget elementor-widget-text-editor\" data-id=\"a6aa9c6\" data-element_type=\"widget\" data-widget_type=\"text-editor.default\">\n\t\t\t\t<div class=\"elementor-widget-container\">\n\t\t\t\t\t\t\t<p>Eine wichtige S\u00e4ule zur Finanzierung der Arbeit des F\u00f6rdervereins sind \nneben den Mitgliedsbeitr\u00e4gen vor allem Spenden. Dank Ihrer Spenden \nkonnten bereits eine Vielzahl kleiner und gro\u00dfer F\u00f6rderw\u00fcnsche der \nKinder und Erzieher umgesetzt werden. Wir freuen uns sehr, wenn Sie \nebenfalls mit einer Spende dazu beitragen.<\/p>\t\t\t\t\t\t<\/div>\n\t\t\t\t<\/div>\n\t\t\t\t<div class=\"elementor-element elementor-element-d9e3aad elementor-widget elementor-widget-image\" data-id=\"d9e3aad\" data-element_type=\"widget\" data-widget_type=\"image.default\">\n\t\t\t\t<div class=\"elementor-widget-container\">\n\t\t\t\t\t\t\t\t\t\t<figure class=\"wp-caption\">\n\t\t\t\t\t\t\t\t\t\t<img decoding=\"async\" width=\"150\" height=\"150\" src=\"https:\/\/regenbogenfische-moenkeberg.de\/wp-content\/uploads\/2024\/02\/QR-Code-IBAN-150x150.png\" class=\"attachment-thumbnail size-thumbnail wp-image-631\" alt=\"\" srcset=\"https:\/\/regenbogenfische-moenkeberg.de\/wp-content\/uploads\/2024\/02\/QR-Code-IBAN-150x150.png 150w, https:\/\/regenbogenfische-moenkeberg.de\/wp-content\/uploads\/2024\/02\/QR-Code-IBAN-270x270.png 270w, https:\/\/regenbogenfische-moenkeberg.de\/wp-content\/uploads\/2024\/02\/QR-Code-IBAN-370x370.png 370w, https:\/\/regenbogenfische-moenkeberg.de\/wp-content\/uploads\/2024\/02\/QR-Code-IBAN-170x170.png 170w\" sizes=\"(max-width: 150px) 100vw, 150px\" \/>\t\t\t\t\t\t\t\t\t\t\t<figcaption class=\"widget-image-caption wp-caption-text\">Zum scannen mit Ihrer Banking App<\/figcaption>\n\t\t\t\t\t\t\t\t\t\t<\/figure>\n\t\t\t\t\t\t\t<\/div>\n\t\t\t\t<\/div>\n\t\t\t\t\t<\/div>\n\t\t<\/div>\n\t\t\t\t\t<\/div>\n\t\t<\/section>\n\t\t\t\t<\/div>\n\t\t","protected":false},"excerpt":{"rendered":"<p>Spenden Eine wichtige S\u00e4ule zur Finanzierung der Arbeit des F\u00f6rdervereins sind neben den Mitgliedsbeitr\u00e4gen vor allem Spenden. Dank Ihrer Spenden konnten bereits eine Vielzahl kleiner und gro\u00dfer F\u00f6rderw\u00fcnsche der Kinder [&hellip;]<\/p>\n","protected":false},"author":1,"featured_media":0,"parent":0,"menu_order":0,"comment_status":"closed","ping_status":"closed","template":"elementor_header_footer","meta":{"footnotes":""},"class_list":["post-337","page","type-page","status-publish","hentry","rishi-post","no-post-thumbnail"],"rishi__cb_customizer_meta":"","_links":{"self":[{"href":"https:\/\/regenbogenfische-moenkeberg.de\/index.php?rest_route=\/wp\/v2\/pages\/337","targetHints":{"allow":["GET"]}}],"collection":[{"href":"https:\/\/regenbogenfische-moenkeberg.de\/index.php?rest_route=\/wp\/v2\/pages"}],"about":[{"href":"https:\/\/regenbogenfische-moenkeberg.de\/index.php?rest_route=\/wp\/v2\/types\/page"}],"author":[{"embeddable":true,"href":"https:\/\/regenbogenfische-moenkeberg.de\/index.php?rest_route=\/wp\/v2\/users\/1"}],"replies":[{"embeddable":true,"href":"https:\/\/regenbogenfische-moenkeberg.de\/index.php?rest_route=%2Fwp%2Fv2%2Fcomments&post=337"}],"version-history":[{"count":38,"href":"https:\/\/regenbogenfische-moenkeberg.de\/index.php?rest_route=\/wp\/v2\/pages\/337\/revisions"}],"predecessor-version":[{"id":682,"href":"https:\/\/regenbogenfische-moenkeberg.de\/index.php?rest_route=\/wp\/v2\/pages\/337\/revisions\/682"}],"wp:attachment":[{"href":"https:\/\/regenbogenfische-moenkeberg.de\/index.php?rest_route=%2Fwp%2Fv2%2Fmedia&parent=337"}],"curies":[{"name":"wp","href":"https:\/\/api.w.org\/{rel}","templated":true}]}}